{"id":1096,"date":"2025-07-04T09:45:04","date_gmt":"2025-07-04T09:45:04","guid":{"rendered":"https:\/\/radianz.eu\/?page_id=1096"},"modified":"2025-09-24T11:37:27","modified_gmt":"2025-09-24T11:37:27","slug":"sobre-nosotros","status":"publish","type":"page","link":"https:\/\/radianz.eu\/es\/sobre-nosotros\/","title":{"rendered":"Sobre nosotros"},"content":{"rendered":"\t\t<div data-elementor-type=\"wp-page\" data-elementor-id=\"1096\" class=\"elementor elementor-1096\" data-elementor-post-type=\"page\">\n\t\t\t\t<div class=\"elementor-element elementor-element-37fcc178 e-con-full e-flex e-con e-parent\" data-id=\"37fcc178\" data-element_type=\"container\" data-e-type=\"container\" data-settings=\"{&quot;background_background&quot;:&quot;classic&quot;}\">\n\t\t<div class=\"elementor-element elementor-element-185fd88a e-con-full e-flex e-con e-child\" data-id=\"185fd88a\" data-element_type=\"container\" data-e-type=\"container\" data-settings=\"{&quot;background_background&quot;:&quot;classic&quot;}\">\n\t\t\t\t<\/div>\n\t\t\t\t<\/div>\n\t\t<div class=\"elementor-element elementor-element-8dbcb16 e-flex e-con-boxed e-con e-parent\" data-id=\"8dbcb16\" data-element_type=\"container\" data-e-type=\"container\">\n\t\t\t\t\t<div class=\"e-con-inner\">\n\t\t<div class=\"elementor-element elementor-element-41988d2 e-con-full e-flex e-con e-child\" data-id=\"41988d2\" data-element_type=\"container\" data-e-type=\"container\">\n\t\t<div class=\"elementor-element elementor-element-7ebd285 e-con-full elementor-hidden-tablet_extra elementor-hidden-tablet elementor-hidden-mobile_extra elementor-hidden-mobile e-flex e-con e-child\" data-id=\"7ebd285\" data-element_type=\"container\" data-e-type=\"container\">\n\t\t\t\t<div class=\"elementor-element elementor-element-741a9fc elementor-widget elementor-widget-heading\" data-id=\"741a9fc\" data-element_type=\"widget\" data-e-type=\"widget\" data-widget_type=\"heading.default\">\n\t\t\t\t<div class=\"elementor-widget-container\">\n\t\t\t\t\t<h2 class=\"elementor-heading-title elementor-size-default\">Quienes Somos<\/h2>\t\t\t\t<\/div>\n\t\t\t\t<\/div>\n\t\t\t\t<\/div>\n\t\t<div class=\"elementor-element elementor-element-b4f99ac e-con-full elementor-hidden-tablet_extra elementor-hidden-tablet elementor-hidden-mobile_extra elementor-hidden-mobile e-flex e-con e-child\" data-id=\"b4f99ac\" data-element_type=\"container\" data-e-type=\"container\">\n\t\t\t\t<div class=\"elementor-element elementor-element-afb4f01 elementor-widget elementor-widget-heading\" data-id=\"afb4f01\" data-element_type=\"widget\" data-e-type=\"widget\" data-widget_type=\"heading.default\">\n\t\t\t\t<div class=\"elementor-widget-container\">\n\t\t\t\t\t<h2 class=\"elementor-heading-title elementor-size-default\">Somos una consultor\u00eda europea independiente especializada en ciberseguridad.<\/h2>\t\t\t\t<\/div>\n\t\t\t\t<\/div>\n\t\t\t\t<div class=\"elementor-element elementor-element-2ff05c7 elementor-widget elementor-widget-text-editor\" data-id=\"2ff05c7\" data-element_type=\"widget\" data-e-type=\"widget\" data-widget_type=\"text-editor.default\">\n\t\t\t\t<div class=\"elementor-widget-container\">\n\t\t\t\t\t\t\t\t\t<p class=\"whitespace-normal break-words\">Nuestra misi\u00f3n es simplificar el aprovisionamiento internacional centr\u00e1ndose en las personas por encima del papeleo.<\/p><p class=\"whitespace-normal break-words\">Nuestra misi\u00f3n es conectar organizaciones con profesionales cualificados en ciberseguridad, por toda Europa.<\/p><p class=\"whitespace-normal break-words\">Somos una empresa que prioriza el talento. Todos los miembros de nuestra comunidad tienen acceso a formaci\u00f3n y desarrollo continuos dise\u00f1ados para fortalecer las habilidades que m\u00e1s importan hoy: comunicaci\u00f3n, liderazgo, productividad, colaboraci\u00f3n digital y m\u00e1s.<\/p><p class=\"whitespace-normal break-words\">Creemos que las habilidades blandas son las nuevas habilidades clave, y que invertir en el crecimiento de las personas es la clave del \u00e9xito a largo plazo tanto para individuos como para empresas.<\/p>\t\t\t\t\t\t\t\t<\/div>\n\t\t\t\t<\/div>\n\t\t\t\t<div class=\"elementor-element elementor-element-516c6dd elementor-absolute elementor-hidden-tablet_extra elementor-hidden-tablet elementor-hidden-mobile_extra elementor-hidden-mobile elementor-invisible elementor-widget elementor-widget-image\" data-id=\"516c6dd\" data-element_type=\"widget\" data-e-type=\"widget\" data-settings=\"{&quot;_position&quot;:&quot;absolute&quot;,&quot;_animation&quot;:&quot;bounceIn&quot;}\" data-widget_type=\"image.default\">\n\t\t\t\t<div class=\"elementor-widget-container\">\n\t\t\t\t\t\t\t\t\t\t\t\t\t\t\t<img decoding=\"async\" width=\"176\" height=\"165\" src=\"https:\/\/radianz.eu\/wp-content\/uploads\/2025\/06\/flecha-destello.svg\" class=\"attachment-large size-large wp-image-478\" alt=\"\" \/>\t\t\t\t\t\t\t\t\t\t\t\t\t\t\t<\/div>\n\t\t\t\t<\/div>\n\t\t\t\t<\/div>\n\t\t\t\t<\/div>\n\t\t\t\t\t<\/div>\n\t\t\t\t<\/div>\n\t\t<div class=\"elementor-element elementor-element-e91a60e e-con-full elementor-hidden-desktop elementor-hidden-laptop e-flex e-con e-parent\" data-id=\"e91a60e\" data-element_type=\"container\" data-e-type=\"container\">\n\t\t<div class=\"elementor-element elementor-element-41c3a2b e-flex e-con-boxed e-con e-child\" data-id=\"41c3a2b\" data-element_type=\"container\" data-e-type=\"container\">\n\t\t\t\t\t<div class=\"e-con-inner\">\n\t\t<div class=\"elementor-element elementor-element-e958428 e-con-full e-flex e-con e-child\" data-id=\"e958428\" data-element_type=\"container\" data-e-type=\"container\" data-settings=\"{&quot;background_background&quot;:&quot;slideshow&quot;,&quot;background_slideshow_gallery&quot;:[],&quot;background_slideshow_loop&quot;:&quot;yes&quot;,&quot;background_slideshow_slide_duration&quot;:5000,&quot;background_slideshow_slide_transition&quot;:&quot;fade&quot;,&quot;background_slideshow_transition_duration&quot;:500}\">\n\t\t\t\t<div class=\"elementor-element elementor-element-addfc60 elementor-widget elementor-widget-heading\" data-id=\"addfc60\" data-element_type=\"widget\" data-e-type=\"widget\" data-widget_type=\"heading.default\">\n\t\t\t\t<div class=\"elementor-widget-container\">\n\t\t\t\t\t<h2 class=\"elementor-heading-title elementor-size-default\">Qui\u00e9nes somos \n<\/h2>\t\t\t\t<\/div>\n\t\t\t\t<\/div>\n\t\t\t\t<div class=\"elementor-element elementor-element-e82ac05 elementor-widget elementor-widget-heading\" data-id=\"e82ac05\" data-element_type=\"widget\" data-e-type=\"widget\" data-widget_type=\"heading.default\">\n\t\t\t\t<div class=\"elementor-widget-container\">\n\t\t\t\t\t<h2 class=\"elementor-heading-title elementor-size-default\">Somos una consultor\u00eda europea independiente especializada en ciberseguridad. <\/h2>\t\t\t\t<\/div>\n\t\t\t\t<\/div>\n\t\t\t\t<div class=\"elementor-element elementor-element-a20430f elementor-widget elementor-widget-text-editor\" data-id=\"a20430f\" data-element_type=\"widget\" data-e-type=\"widget\" data-widget_type=\"text-editor.default\">\n\t\t\t\t<div class=\"elementor-widget-container\">\n\t\t\t\t\t\t\t\t\t<p class=\"whitespace-normal break-words\">Nuestra misi\u00f3n es conectar organizaciones con profesionales cualificados en ciberseguridad, por toda Europa.<\/p><p class=\"whitespace-normal break-words\">Somos una empresa que prioriza el talento. Todos los miembros de nuestra comunidad tienen acceso a formaci\u00f3n y desarrollo continuos dise\u00f1ados para fortalecer las habilidades que m\u00e1s importan hoy: comunicaci\u00f3n, liderazgo, productividad, colaboraci\u00f3n digital y m\u00e1s.<\/p><p class=\"whitespace-normal break-words\">Creemos que las habilidades blandas son las nuevas habilidades clave, y que invertir en el crecimiento de las personas es la clave del \u00e9xito a largo plazo tanto para individuos como para empresas.<\/p>\t\t\t\t\t\t\t\t<\/div>\n\t\t\t\t<\/div>\n\t\t\t\t<\/div>\n\t\t\t\t\t<\/div>\n\t\t\t\t<\/div>\n\t\t\t\t<\/div>\n\t\t<div class=\"elementor-element elementor-element-ac58dc7 e-con-full e-flex e-con e-parent\" data-id=\"ac58dc7\" data-element_type=\"container\" data-e-type=\"container\">\n\t\t<div class=\"elementor-element elementor-element-7a3ebc2 e-flex e-con-boxed e-con e-child\" data-id=\"7a3ebc2\" data-element_type=\"container\" data-e-type=\"container\">\n\t\t\t\t\t<div class=\"e-con-inner\">\n\t\t<div class=\"elementor-element elementor-element-4476c7d e-con-full e-flex e-con e-child\" data-id=\"4476c7d\" data-element_type=\"container\" data-e-type=\"container\" data-settings=\"{&quot;background_background&quot;:&quot;slideshow&quot;,&quot;background_slideshow_gallery&quot;:[],&quot;background_slideshow_loop&quot;:&quot;yes&quot;,&quot;background_slideshow_slide_duration&quot;:5000,&quot;background_slideshow_slide_transition&quot;:&quot;fade&quot;,&quot;background_slideshow_transition_duration&quot;:500}\">\n\t\t\t\t<div class=\"elementor-element elementor-element-e9e387a elementor-widget elementor-widget-heading\" data-id=\"e9e387a\" data-element_type=\"widget\" data-e-type=\"widget\" data-widget_type=\"heading.default\">\n\t\t\t\t<div class=\"elementor-widget-container\">\n\t\t\t\t\t<h2 class=\"elementor-heading-title elementor-size-default\">Qu\u00e9 hacemos\n<\/h2>\t\t\t\t<\/div>\n\t\t\t\t<\/div>\n\t\t\t\t<div class=\"elementor-element elementor-element-27a3631 elementor-widget elementor-widget-text-editor\" data-id=\"27a3631\" data-element_type=\"widget\" data-e-type=\"widget\" data-widget_type=\"text-editor.default\">\n\t\t\t\t<div class=\"elementor-widget-container\">\n\t\t\t\t\t\t\t\t\t<p>En Radianz, tendemos puentes entre la expertise en ciberseguridad y las necesidades de las organizaciones por toda Europa a trav\u00e9s de nuestro modelo integral de personal-como-servicio. Nuestro equipo multiling\u00fce se especializa en buscar, examinar y colocar profesionales de ciberseguridad altamente cualificados &#8211; desde analistas SOC hasta ejecutivos de nivel C &#8211; a trav\u00e9s de procesos de selecci\u00f3n rigurosos que incluyen evaluaciones t\u00e9cnicas y evaluaci\u00f3n de encaje cultural, reduciendo vuestro tiempo de contrataci\u00f3n de meses a semanas mientras garantizamos \u00fanicamente talento prevalidado y certificado que cumple con los m\u00e1s altos est\u00e1ndares del sector.<\/p>\t\t\t\t\t\t\t\t<\/div>\n\t\t\t\t<\/div>\n\t\t\t\t<\/div>\n\t\t<div class=\"elementor-element elementor-element-1f549da e-con-full e-flex e-con e-child\" data-id=\"1f549da\" data-element_type=\"container\" data-e-type=\"container\" data-settings=\"{&quot;background_background&quot;:&quot;slideshow&quot;,&quot;background_slideshow_gallery&quot;:[],&quot;background_slideshow_loop&quot;:&quot;yes&quot;,&quot;background_slideshow_slide_duration&quot;:5000,&quot;background_slideshow_slide_transition&quot;:&quot;fade&quot;,&quot;background_slideshow_transition_duration&quot;:500}\">\n\t\t\t\t<div class=\"elementor-element elementor-element-1b1ca84 elementor-widget elementor-widget-image\" data-id=\"1b1ca84\" data-element_type=\"widget\" data-e-type=\"widget\" data-widget_type=\"image.default\">\n\t\t\t\t<div class=\"elementor-widget-container\">\n\t\t\t\t\t\t\t\t\t\t\t\t\t\t\t<img fetchpriority=\"high\" decoding=\"async\" width=\"1000\" height=\"460\" src=\"https:\/\/radianz.eu\/wp-content\/uploads\/2025\/06\/slider_sd2Test.png\" class=\"attachment-full size-full wp-image-690\" alt=\"slider_sd2Test\" srcset=\"https:\/\/radianz.eu\/wp-content\/uploads\/2025\/06\/slider_sd2Test.png 1000w, https:\/\/radianz.eu\/wp-content\/uploads\/2025\/06\/slider_sd2Test-300x138.png 300w, https:\/\/radianz.eu\/wp-content\/uploads\/2025\/06\/slider_sd2Test-768x353.png 768w\" sizes=\"(max-width: 1000px) 100vw, 1000px\" \/>\t\t\t\t\t\t\t\t\t\t\t\t\t\t\t<\/div>\n\t\t\t\t<\/div>\n\t\t\t\t<\/div>\n\t\t\t\t\t<\/div>\n\t\t\t\t<\/div>\n\t\t\t\t<\/div>\n\t\t<div class=\"elementor-element elementor-element-7436b8b e-flex e-con-boxed e-con e-parent\" data-id=\"7436b8b\" data-element_type=\"container\" data-e-type=\"container\" data-settings=\"{&quot;background_background&quot;:&quot;classic&quot;}\">\n\t\t\t\t\t<div class=\"e-con-inner\">\n\t\t<div class=\"elementor-element elementor-element-055f52a e-con-full e-flex e-con e-child\" data-id=\"055f52a\" data-element_type=\"container\" data-e-type=\"container\">\n\t\t\t\t<div class=\"elementor-element elementor-element-6e061ca elementor-widget elementor-widget-heading\" data-id=\"6e061ca\" data-element_type=\"widget\" data-e-type=\"widget\" data-widget_type=\"heading.default\">\n\t\t\t\t<div class=\"elementor-widget-container\">\n\t\t\t\t\t<h2 class=\"elementor-heading-title elementor-size-default\">Nuestra historia: <\/h2>\t\t\t\t<\/div>\n\t\t\t\t<\/div>\n\t\t\t\t<div class=\"elementor-element elementor-element-d3ea660 elementor-widget elementor-widget-text-editor\" data-id=\"d3ea660\" data-element_type=\"widget\" data-e-type=\"widget\" data-widget_type=\"text-editor.default\">\n\t\t\t\t<div class=\"elementor-widget-container\">\n\t\t\t\t\t\t\t\t\t<p class=\"whitespace-normal break-words\">Radianz naci\u00f3 de una observaci\u00f3n simple pero poderosa: el sector de la ciberseguridad se enfrentaba a una crisis de talento sin precedentes mientras profesionales brillantes luchaban por encontrar roles que realmente coincidieran con su expertise y ambiciones. Con m\u00e1s de una d\u00e9cada de experiencia pr\u00e1ctica en ciberseguridad, nuestro equipo fundador presenci\u00f3 de primera mano c\u00f3mo las organizaciones quedaban vulnerables no por falta de tecnolog\u00eda, sino por falta de capital humano cualificado.<\/p><p class=\"whitespace-normal break-words\">En 2024, decidimos cambiar esta narrativa. Bas\u00e1ndonos en a\u00f1os de construcci\u00f3n de equipos de seguridad, gesti\u00f3n de paisajes de amenazas complejos y comprensi\u00f3n de lo que se necesita para crear defensas digitales resilientes, fundamos Radianz con la misi\u00f3n de transformar c\u00f3mo el talento de ciberseguridad se conecta con las oportunidades por Europa. Hemos visto demasiados proyectos fracasar, demasiadas brechas ocurrir y demasiados profesionales talentosos infrautilizados simplemente porque no se hicieron las conexiones correctas.<\/p>\t\t\t\t\t\t\t\t<\/div>\n\t\t\t\t<\/div>\n\t\t\t\t<\/div>\n\t\t\t\t\t<\/div>\n\t\t\t\t<\/div>\n\t\t<div class=\"elementor-element elementor-element-02aa71a elementor-hidden-desktop elementor-hidden-laptop elementor-hidden-tablet_extra elementor-hidden-tablet elementor-hidden-mobile_extra elementor-hidden-mobile e-flex e-con-boxed e-con e-parent\" data-id=\"02aa71a\" data-element_type=\"container\" data-e-type=\"container\" data-settings=\"{&quot;background_background&quot;:&quot;classic&quot;}\">\n\t\t\t\t\t<div class=\"e-con-inner\">\n\t\t\t\t<div class=\"elementor-element elementor-element-1c29b86 elementor-absolute elementor-widget elementor-widget-image\" data-id=\"1c29b86\" data-element_type=\"widget\" data-e-type=\"widget\" data-settings=\"{&quot;_position&quot;:&quot;absolute&quot;}\" data-widget_type=\"image.default\">\n\t\t\t\t<div class=\"elementor-widget-container\">\n\t\t\t\t\t\t\t\t\t\t\t\t\t\t\t<img decoding=\"async\" width=\"266\" height=\"590\" src=\"https:\/\/radianz.eu\/wp-content\/uploads\/2025\/06\/svg_imagen.svg\" class=\"attachment-1536x1536 size-1536x1536 wp-image-379\" alt=\"\" \/>\t\t\t\t\t\t\t\t\t\t\t\t\t\t\t<\/div>\n\t\t\t\t<\/div>\n\t\t\t\t\t<\/div>\n\t\t\t\t<\/div>\n\t\t<div class=\"elementor-element elementor-element-81bc9a7 elementor-hidden-desktop elementor-hidden-laptop elementor-hidden-tablet_extra elementor-hidden-tablet elementor-hidden-mobile_extra elementor-hidden-mobile e-flex e-con-boxed e-con e-parent\" data-id=\"81bc9a7\" data-element_type=\"container\" data-e-type=\"container\">\n\t\t\t\t\t<div class=\"e-con-inner\">\n\t\t<div class=\"elementor-element elementor-element-1310cc0 e-con-full e-flex e-con e-child\" data-id=\"1310cc0\" data-element_type=\"container\" data-e-type=\"container\">\n\t\t\t\t<div class=\"elementor-element elementor-element-253a416 elementor-widget elementor-widget-heading\" data-id=\"253a416\" data-element_type=\"widget\" data-e-type=\"widget\" data-widget_type=\"heading.default\">\n\t\t\t\t<div class=\"elementor-widget-container\">\n\t\t\t\t\t<h2 class=\"elementor-heading-title elementor-size-default\">Why choose us?<\/h2>\t\t\t\t<\/div>\n\t\t\t\t<\/div>\n\t\t\t\t<\/div>\n\t\t<div class=\"elementor-element elementor-element-22aba49 e-con-full e-flex e-con e-child\" data-id=\"22aba49\" data-element_type=\"container\" data-e-type=\"container\">\n\t\t<div class=\"elementor-element elementor-element-3ab5a1c e-con-full e-flex e-con e-child\" data-id=\"3ab5a1c\" data-element_type=\"container\" data-e-type=\"container\">\n\t\t\t\t<div class=\"elementor-element elementor-element-957d2c8 elementor-widget elementor-widget-image\" data-id=\"957d2c8\" data-element_type=\"widget\" data-e-type=\"widget\" data-widget_type=\"image.default\">\n\t\t\t\t<div class=\"elementor-widget-container\">\n\t\t\t\t\t\t\t\t\t\t\t\t\t\t\t<img loading=\"lazy\" decoding=\"async\" width=\"395\" height=\"171\" src=\"https:\/\/radianz.eu\/wp-content\/uploads\/2025\/06\/foto1.jpg\" class=\"attachment-full size-full wp-image-175\" alt=\"foto1\" srcset=\"https:\/\/radianz.eu\/wp-content\/uploads\/2025\/06\/foto1.jpg 395w, https:\/\/radianz.eu\/wp-content\/uploads\/2025\/06\/foto1-300x130.jpg 300w\" sizes=\"(max-width: 395px) 100vw, 395px\" \/>\t\t\t\t\t\t\t\t\t\t\t\t\t\t\t<\/div>\n\t\t\t\t<\/div>\n\t\t\t\t<div class=\"elementor-element elementor-element-7ff6985 elementor-widget elementor-widget-heading\" data-id=\"7ff6985\" data-element_type=\"widget\" data-e-type=\"widget\" data-widget_type=\"heading.default\">\n\t\t\t\t<div class=\"elementor-widget-container\">\n\t\t\t\t\t<h2 class=\"elementor-heading-title elementor-size-default\">Training &amp; Development\n<\/h2>\t\t\t\t<\/div>\n\t\t\t\t<\/div>\n\t\t\t\t<div class=\"elementor-element elementor-element-d8bac02 elementor-widget elementor-widget-text-editor\" data-id=\"d8bac02\" data-element_type=\"widget\" data-e-type=\"widget\" data-widget_type=\"text-editor.default\">\n\t\t\t\t<div class=\"elementor-widget-container\">\n\t\t\t\t\t\t\t\t\t<p>\u00a0<span class=\"fontstyle0\">We believe in empowering people\u2014not just processing payroll<\/span> <\/p>\t\t\t\t\t\t\t\t<\/div>\n\t\t\t\t<\/div>\n\t\t\t\t<div class=\"elementor-element elementor-element-57dfe21 elementor-widget__width-inherit elementor-widget elementor-widget-text-editor\" data-id=\"57dfe21\" data-element_type=\"widget\" data-e-type=\"widget\" data-widget_type=\"text-editor.default\">\n\t\t\t\t<div class=\"elementor-widget-container\">\n\t\t\t\t\t\t\t\t\t<p>All employees under our care receive ongoing Access to coaching and training that helps them grow personally and professionally. From soft skills and leadership to digital communication, productivity, and remote work, we support your team\u2019s development with tailored programs. We also oaer language training (English, Spanish, French, Dutch, German), aligned with your business goals and employee needs.<\/p>\t\t\t\t\t\t\t\t<\/div>\n\t\t\t\t<\/div>\n\t\t\t\t<\/div>\n\t\t<div class=\"elementor-element elementor-element-5ea1baf e-con-full e-flex e-con e-child\" data-id=\"5ea1baf\" data-element_type=\"container\" data-e-type=\"container\">\n\t\t\t\t<div class=\"elementor-element elementor-element-95145c0 elementor-widget elementor-widget-image\" data-id=\"95145c0\" data-element_type=\"widget\" data-e-type=\"widget\" data-widget_type=\"image.default\">\n\t\t\t\t<div class=\"elementor-widget-container\">\n\t\t\t\t\t\t\t\t\t\t\t\t\t\t\t<img loading=\"lazy\" decoding=\"async\" width=\"395\" height=\"171\" src=\"https:\/\/radianz.eu\/wp-content\/uploads\/2025\/06\/foto2.jpg\" class=\"attachment-full size-full wp-image-176\" alt=\"foto2\" srcset=\"https:\/\/radianz.eu\/wp-content\/uploads\/2025\/06\/foto2.jpg 395w, https:\/\/radianz.eu\/wp-content\/uploads\/2025\/06\/foto2-300x130.jpg 300w\" sizes=\"(max-width: 395px) 100vw, 395px\" \/>\t\t\t\t\t\t\t\t\t\t\t\t\t\t\t<\/div>\n\t\t\t\t<\/div>\n\t\t\t\t<div class=\"elementor-element elementor-element-23273fd elementor-widget elementor-widget-heading\" data-id=\"23273fd\" data-element_type=\"widget\" data-e-type=\"widget\" data-widget_type=\"heading.default\">\n\t\t\t\t<div class=\"elementor-widget-container\">\n\t\t\t\t\t<h2 class=\"elementor-heading-title elementor-size-default\">Intermediary Management Support<\/h2>\t\t\t\t<\/div>\n\t\t\t\t<\/div>\n\t\t\t\t<div class=\"elementor-element elementor-element-b85f6c1 elementor-widget elementor-widget-text-editor\" data-id=\"b85f6c1\" data-element_type=\"widget\" data-e-type=\"widget\" data-widget_type=\"text-editor.default\">\n\t\t\t\t<div class=\"elementor-widget-container\">\n\t\t\t\t\t\t\t\t\t<p>\u00a0<span class=\"fontstyle0\">We don\u2019t just employ your team\u2014we help manage it.<\/span><\/p>\t\t\t\t\t\t\t\t<\/div>\n\t\t\t\t<\/div>\n\t\t\t\t<div class=\"elementor-element elementor-element-8f6f4c2 elementor-widget__width-inherit elementor-widget elementor-widget-text-editor\" data-id=\"8f6f4c2\" data-element_type=\"widget\" data-e-type=\"widget\" data-widget_type=\"text-editor.default\">\n\t\t\t\t<div class=\"elementor-widget-container\">\n\t\t\t\t\t\t\t\t\t<p>All employees under our care receive ongoing Access to coaching and training that helps them grow personally and professionally. From soft skills and leadership to digital communication, productivity, and remote work, we support your team\u2019s development with tailored programs. We also oaer language training (English, Spanish, French, Dutch, German), aligned with your business goals and employee needs.<\/p>\t\t\t\t\t\t\t\t<\/div>\n\t\t\t\t<\/div>\n\t\t\t\t<\/div>\n\t\t<div class=\"elementor-element elementor-element-ba9dc56 e-con-full e-flex e-con e-child\" data-id=\"ba9dc56\" data-element_type=\"container\" data-e-type=\"container\">\n\t\t\t\t<div class=\"elementor-element elementor-element-3df1460 elementor-widget elementor-widget-image\" data-id=\"3df1460\" data-element_type=\"widget\" data-e-type=\"widget\" data-widget_type=\"image.default\">\n\t\t\t\t<div class=\"elementor-widget-container\">\n\t\t\t\t\t\t\t\t\t\t\t\t\t\t\t<img loading=\"lazy\" decoding=\"async\" width=\"395\" height=\"171\" src=\"https:\/\/radianz.eu\/wp-content\/uploads\/2025\/06\/foto3.jpg\" class=\"attachment-full size-full wp-image-177\" alt=\"foto3\" srcset=\"https:\/\/radianz.eu\/wp-content\/uploads\/2025\/06\/foto3.jpg 395w, https:\/\/radianz.eu\/wp-content\/uploads\/2025\/06\/foto3-300x130.jpg 300w\" sizes=\"(max-width: 395px) 100vw, 395px\" \/>\t\t\t\t\t\t\t\t\t\t\t\t\t\t\t<\/div>\n\t\t\t\t<\/div>\n\t\t\t\t<div class=\"elementor-element elementor-element-60f14fc elementor-widget elementor-widget-heading\" data-id=\"60f14fc\" data-element_type=\"widget\" data-e-type=\"widget\" data-widget_type=\"heading.default\">\n\t\t\t\t<div class=\"elementor-widget-container\">\n\t\t\t\t\t<h2 class=\"elementor-heading-title elementor-size-default\">Local Expertise. Personal\nService. Unmatched Focus.\n<\/h2>\t\t\t\t<\/div>\n\t\t\t\t<\/div>\n\t\t\t\t<div class=\"elementor-element elementor-element-08a87ea elementor-widget elementor-widget-text-editor\" data-id=\"08a87ea\" data-element_type=\"widget\" data-e-type=\"widget\" data-widget_type=\"text-editor.default\">\n\t\t\t\t<div class=\"elementor-widget-container\">\n\t\t\t\t\t\t\t\t\t<p>\u00a0<span class=\"fontstyle0\">We\u2019re not a global provider\u2014we\u2019re specialists.<\/span><\/p>\t\t\t\t\t\t\t\t<\/div>\n\t\t\t\t<\/div>\n\t\t\t\t<div class=\"elementor-element elementor-element-0ac30ec elementor-widget__width-inherit elementor-widget elementor-widget-text-editor\" data-id=\"0ac30ec\" data-element_type=\"widget\" data-e-type=\"widget\" data-widget_type=\"text-editor.default\">\n\t\t\t\t<div class=\"elementor-widget-container\">\n\t\t\t\t\t\t\t\t\t<p>All employees under our care receive ongoing Access to coaching and training that helps them grow personally and professionally. From soft skills and leadership to digital communication, productivity, and remote work, we support your team\u2019s development with tailored programs. We also oaer language training (English, Spanish, French, Dutch, German), aligned with your business goals and employee needs.<\/p>\t\t\t\t\t\t\t\t<\/div>\n\t\t\t\t<\/div>\n\t\t\t\t<\/div>\n\t\t\t\t<\/div>\n\t\t<div class=\"elementor-element elementor-element-0c83c1a e-con-full e-flex e-con e-child\" data-id=\"0c83c1a\" data-element_type=\"container\" data-e-type=\"container\">\n\t\t\t\t<div class=\"elementor-element elementor-element-9063693 elementor-widget elementor-widget-button\" data-id=\"9063693\" data-element_type=\"widget\" data-e-type=\"widget\" data-widget_type=\"button.default\">\n\t\t\t\t<div class=\"elementor-widget-container\">\n\t\t\t\t\t\t\t\t\t<div class=\"elementor-button-wrapper\">\n\t\t\t\t\t<a class=\"elementor-button elementor-button-link elementor-size-sm\" href=\"\/services\/\">\n\t\t\t\t\t\t<span class=\"elementor-button-content-wrapper\">\n\t\t\t\t\t\t\t\t\t<span class=\"elementor-button-text\">Learn more about our solutions<\/span>\n\t\t\t\t\t<\/span>\n\t\t\t\t\t<\/a>\n\t\t\t\t<\/div>\n\t\t\t\t\t\t\t\t<\/div>\n\t\t\t\t<\/div>\n\t\t\t\t<\/div>\n\t\t\t\t\t<\/div>\n\t\t\t\t<\/div>\n\t\t\t\t<\/div>\n\t\t","protected":false},"excerpt":{"rendered":"<p>Quienes Somos Somos una consultor\u00eda europea independiente especializada en ciberseguridad. Nuestra misi\u00f3n es simplificar el aprovisionamiento internacional centr\u00e1ndose en las personas por encima del papeleo. Nuestra misi\u00f3n es conectar organizaciones con profesionales cualificados en ciberseguridad, por toda Europa. Somos una empresa que prioriza el talento. Todos los miembros de nuestra comunidad tienen acceso a formaci\u00f3n [&hellip;]<\/p>\n","protected":false},"author":4,"featured_media":0,"parent":0,"menu_order":0,"comment_status":"closed","ping_status":"closed","template":"elementor_canvas","meta":{"footnotes":""},"class_list":["post-1096","page","type-page","status-publish","hentry"],"_links":{"self":[{"href":"https:\/\/radianz.eu\/es\/wp-json\/wp\/v2\/pages\/1096","targetHints":{"allow":["GET"]}}],"collection":[{"href":"https:\/\/radianz.eu\/es\/wp-json\/wp\/v2\/pages"}],"about":[{"href":"https:\/\/radianz.eu\/es\/wp-json\/wp\/v2\/types\/page"}],"author":[{"embeddable":true,"href":"https:\/\/radianz.eu\/es\/wp-json\/wp\/v2\/users\/4"}],"replies":[{"embeddable":true,"href":"https:\/\/radianz.eu\/es\/wp-json\/wp\/v2\/comments?post=1096"}],"version-history":[{"count":33,"href":"https:\/\/radianz.eu\/es\/wp-json\/wp\/v2\/pages\/1096\/revisions"}],"predecessor-version":[{"id":1434,"href":"https:\/\/radianz.eu\/es\/wp-json\/wp\/v2\/pages\/1096\/revisions\/1434"}],"wp:attachment":[{"href":"https:\/\/radianz.eu\/es\/wp-json\/wp\/v2\/media?parent=1096"}],"curies":[{"name":"wp","href":"https:\/\/api.w.org\/{rel}","templated":true}]}}